{"id":6,"date":"2023-12-21T17:04:29","date_gmt":"2023-12-21T16:04:29","guid":{"rendered":"http:\/\/galerie.sonner.de\/wordpress\/?page_id=6"},"modified":"2023-12-25T11:53:13","modified_gmt":"2023-12-25T10:53:13","slug":"impressum","status":"publish","type":"page","link":"http:\/\/www.sonner.de\/?page_id=6","title":{"rendered":"Impressum"},"content":{"rendered":"\n<p class=\"has-large-font-size\"><strong>Inhaltlich Verantwortlicher gem\u00e4\u00df \u00a7 18 Abs. 2 MStV:<\/strong><\/p>\n\n\n\n<p>Stefan Ulrich Sonner<br>Am Katzenrain 6<br>65520 Bad Camberg<\/p>\n\n\n\n<p class=\"has-large-font-size\"><strong>Kontakt:<\/strong><\/p>\n\n\n\n<p>Telefon: +49 171 3220033<br>E-Mail: stefan @ sonner . de<\/p>\n\n\n\n<p class=\"has-large-font-size\"><strong>Urheberrechtshinweis:<\/strong><\/p>\n\n\n\n<p>Die Inhalte dieses Internetauftritts sonner.de, insbesondere Fotos, sind urheberrechtlich gesch\u00fctzt. Die Vervielf\u00e4ltigung, Bearbeitung, Verbreitung und jede Art der Verwertung au\u00dferhalb des Urheberrechtes erfordern die schriftliche Zustimmung von Stefan Sonner.\u00a0 Sollten Sie Inhalte verwenden wollen, wenden Sie sich bitte an den Seitenbetreiber. Wer gegen das Urheberrecht handelt, macht sich strafbar und muss mit einer kostenpflichtigen Abmahnung und Forderungen auf Schadensersatz rechnen.<\/p>\n","protected":false},"excerpt":{"rendered":"<p>Inhaltlich Verantwortlicher gem\u00e4\u00df \u00a7 18 Abs. 2 MStV: Stefan Ulrich SonnerAm Katzenrain 665520 Bad Camberg Kontakt: Telefon: +49 171 3220033E-Mail: stefan @ sonner . de &hellip;<\/p>\n","protected":false},"author":1,"featured_media":0,"parent":0,"menu_order":0,"comment_status":"closed","ping_status":"closed","template":"","meta":{"footnotes":""},"class_list":["post-6","page","type-page","status-publish","hentry"],"_links":{"self":[{"href":"http:\/\/www.sonner.de\/index.php?rest_route=\/wp\/v2\/pages\/6","targetHints":{"allow":["GET"]}}],"collection":[{"href":"http:\/\/www.sonner.de\/index.php?rest_route=\/wp\/v2\/pages"}],"about":[{"href":"http:\/\/www.sonner.de\/index.php?rest_route=\/wp\/v2\/types\/page"}],"author":[{"embeddable":true,"href":"http:\/\/www.sonner.de\/index.php?rest_route=\/wp\/v2\/users\/1"}],"replies":[{"embeddable":true,"href":"http:\/\/www.sonner.de\/index.php?rest_route=%2Fwp%2Fv2%2Fcomments&post=6"}],"version-history":[{"count":3,"href":"http:\/\/www.sonner.de\/index.php?rest_route=\/wp\/v2\/pages\/6\/revisions"}],"predecessor-version":[{"id":102,"href":"http:\/\/www.sonner.de\/index.php?rest_route=\/wp\/v2\/pages\/6\/revisions\/102"}],"wp:attachment":[{"href":"http:\/\/www.sonner.de\/index.php?rest_route=%2Fwp%2Fv2%2Fmedia&parent=6"}],"curies":[{"name":"wp","href":"https:\/\/api.w.org\/{rel}","templated":true}]}}